{"id":93,"date":"2023-12-21T16:43:48","date_gmt":"2023-12-21T15:43:48","guid":{"rendered":"https:\/\/bomboorigen.com\/?post_type=product&#038;p=93"},"modified":"2023-12-21T18:58:05","modified_gmt":"2023-12-21T17:58:05","slug":"lampara-de-fotocurado","status":"publish","type":"product","link":"https:\/\/bomboorigen.com\/?product=lampara-de-fotocurado","title":{"rendered":"L\u00e1mpara de fotocurado"},"content":{"rendered":"<p class=\"_2qrJF\" data-hook=\"product-title\"><strong>LAMPARA DE FOTOCURADO BLUEPHASE N MC IVOCLAR<\/strong><\/p>\n<p>Bluephase N MC est\u00e1 operado principalmente con polimerizaci\u00f3n LED con una intensidad de luz de 800 mW\/cm2 y ofrece una incre\u00edble relaci\u00f3n calidad-precio. Esta l\u00e1mpara de polimerizaci\u00f3n se centra en los requisitos b\u00e1sicos de un procedimiento de fotopolimerizaci\u00f3n eficiente y asegura un bajo mantenimiento y una operaci\u00f3n continua en cualquier momento.<\/p>\n<p>&nbsp;<\/p>\n<p>La fotopolimerzaci\u00f3n econ\u00f3mica est\u00e1 indicada para una fotopolimerizaci\u00f3n en un rango de longitud de onda de 430 \u2013 490 nm.<\/p>\n","protected":false},"excerpt":{"rendered":"<ul>\n<li>Manejo simple y sin complicaciones gracias al programa universal y al bot\u00f3n \u00fanico de operaci\u00f3n.<\/li>\n<li>Dise\u00f1o ergon\u00f3mico<\/li>\n<li>Conducto de luz giratorio de 10mm para un acceso \u00f3ptimo de todas las \u00e1reas restauradas.<\/li>\n<li>Indicaciones Indicada para la polimerizaci\u00f3n de materiales de fotopolimerizaci\u00f3n en el rango de longitud de 430 \u2013 490 nm<\/li>\n<li>Estos materiales incluyen los restaurativos, adhesivos, bases, liners, selladores de fisuras, provisionales, as\u00ed como materiales de cementaci\u00f3n de brackets y restauraciones indirectas, tales como inlays de cer\u00e1mica.<\/li>\n<\/ul>\n","protected":false},"featured_media":102,"comment_status":"open","ping_status":"closed","template":"","meta":{"_joinchat":[]},"product_brand":[],"product_cat":[18],"product_tag":[25,24,26,23],"class_list":{"0":"post-93","1":"product","2":"type-product","3":"status-publish","4":"has-post-thumbnail","6":"product_cat-odontologia","7":"product_tag-lampara-dental","8":"product_tag-lampara-fotocurado","9":"product_tag-lampara-odontologica","10":"product_tag-lampara-uv","12":"first","13":"instock","14":"shipping-taxable","15":"purchasable","16":"product-type-simple"},"_links":{"self":[{"href":"https:\/\/bomboorigen.com\/index.php?rest_route=\/wp\/v2\/product\/93","targetHints":{"allow":["GET"]}}],"collection":[{"href":"https:\/\/bomboorigen.com\/index.php?rest_route=\/wp\/v2\/product"}],"about":[{"href":"https:\/\/bomboorigen.com\/index.php?rest_route=\/wp\/v2\/types\/product"}],"replies":[{"embeddable":true,"href":"https:\/\/bomboorigen.com\/index.php?rest_route=%2Fwp%2Fv2%2Fcomments&post=93"}],"wp:featuredmedia":[{"embeddable":true,"href":"https:\/\/bomboorigen.com\/index.php?rest_route=\/wp\/v2\/media\/102"}],"wp:attachment":[{"href":"https:\/\/bomboorigen.com\/index.php?rest_route=%2Fwp%2Fv2%2Fmedia&parent=93"}],"wp:term":[{"taxonomy":"product_brand","embeddable":true,"href":"https:\/\/bomboorigen.com\/index.php?rest_route=%2Fwp%2Fv2%2Fproduct_brand&post=93"},{"taxonomy":"product_cat","embeddable":true,"href":"https:\/\/bomboorigen.com\/index.php?rest_route=%2Fwp%2Fv2%2Fproduct_cat&post=93"},{"taxonomy":"product_tag","embeddable":true,"href":"https:\/\/bomboorigen.com\/index.php?rest_route=%2Fwp%2Fv2%2Fproduct_tag&post=93"}],"curies":[{"name":"wp","href":"https:\/\/api.w.org\/{rel}","templated":true}]}}