{"id":321,"date":"2024-01-19T23:10:52","date_gmt":"2024-01-19T22:10:52","guid":{"rendered":"https:\/\/bomboorigen.com\/?post_type=product&#038;p=321"},"modified":"2024-01-19T23:10:52","modified_gmt":"2024-01-19T22:10:52","slug":"321","status":"publish","type":"product","link":"https:\/\/bomboorigen.com\/?product=321","title":{"rendered":""},"content":{"rendered":"<h2>Afeitadora artrosc\u00f3pica Linvatec APEX C9800<\/h2>\n<p>El sistema de puntas de shaver de Micromed System est\u00e1 indicado en artroscop\u00eda para eliminar tejidos blandos y\/o cart\u00edlagos, desgastar y\/o eliminar huesos, realizar el desbridamiento de los tejidos blandos, cortar y\/o fresar articulaciones grandes y peque\u00f1as.<br \/>\nEst\u00e1 indicado para su uso en las articulaciones de rodilla, hombro, tobillo, codo, mu\u00f1eca, cadera, temporomandibular, entre otras. Algunos ejemplos de uso incluyen la resecci\u00f3n de cart\u00edlago de la rodilla desgarrada, descompresi\u00f3n subacromial, resecci\u00f3n de tejido sinovial en otras articulaciones, y donde el criterio del cirujano lo estime conveniente.<\/p>\n<p><span>Afeitadora artrosc\u00f3pica Linvatec APEX C9820<\/span><\/p>\n<p><span>Consola de afeitadora Linvatec con mango APEX:<\/span><\/p>\n<ul>\n<li><span>Universal Linvatec<\/span><\/li>\n<li><span>Fuente de alimentaci\u00f3n 230V.\u00a050-60 Hz, 456 VA<\/span><\/li>\n<li><span>Mango de afeitadora artrosc\u00f3pica APEX serie C9820, rotaci\u00f3n de 6000 RPM, oscilaci\u00f3n de 1500 CPM<\/span><\/li>\n<li><span>Mango compatible con cuchillas Conmed<\/span><\/li>\n<li><span>Interruptor de pedal APEX C9860<\/span><\/li>\n<\/ul>\n","protected":false},"excerpt":{"rendered":"<p>Consola de afeitadora Linvatec con mango APEX:<\/p>\n<ul>\n<li>Universal Linvatec<\/li>\n<li>Fuente de alimentaci\u00f3n 230V.\u00a050-60 Hz, 456 VA<\/li>\n<li>Mango de afeitadora artrosc\u00f3pica APEX serie C9820, rotaci\u00f3n de 6000 RPM, oscilaci\u00f3n de 1500 CPM<\/li>\n<li>Mango compatible con cuchillas Conmed<\/li>\n<li>Interruptor de pedal APEX C9860<\/li>\n<\/ul>\n","protected":false},"featured_media":324,"comment_status":"open","ping_status":"closed","template":"","meta":{"_joinchat":[]},"product_brand":[],"product_cat":[19],"product_tag":[61,59,62,63,60],"class_list":{"0":"post-321","1":"product","2":"type-product","3":"status-publish","4":"has-post-thumbnail","6":"product_cat-cirugia","7":"product_tag-linvatec","8":"product_tag-shaver","9":"product_tag-shaver-de-cirugia","10":"product_tag-shaver-de-rodilla","11":"product_tag-shaver-linvatec","13":"first","14":"instock","15":"shipping-taxable","16":"purchasable","17":"product-type-simple"},"_links":{"self":[{"href":"https:\/\/bomboorigen.com\/index.php?rest_route=\/wp\/v2\/product\/321","targetHints":{"allow":["GET"]}}],"collection":[{"href":"https:\/\/bomboorigen.com\/index.php?rest_route=\/wp\/v2\/product"}],"about":[{"href":"https:\/\/bomboorigen.com\/index.php?rest_route=\/wp\/v2\/types\/product"}],"replies":[{"embeddable":true,"href":"https:\/\/bomboorigen.com\/index.php?rest_route=%2Fwp%2Fv2%2Fcomments&post=321"}],"wp:featuredmedia":[{"embeddable":true,"href":"https:\/\/bomboorigen.com\/index.php?rest_route=\/wp\/v2\/media\/324"}],"wp:attachment":[{"href":"https:\/\/bomboorigen.com\/index.php?rest_route=%2Fwp%2Fv2%2Fmedia&parent=321"}],"wp:term":[{"taxonomy":"product_brand","embeddable":true,"href":"https:\/\/bomboorigen.com\/index.php?rest_route=%2Fwp%2Fv2%2Fproduct_brand&post=321"},{"taxonomy":"product_cat","embeddable":true,"href":"https:\/\/bomboorigen.com\/index.php?rest_route=%2Fwp%2Fv2%2Fproduct_cat&post=321"},{"taxonomy":"product_tag","embeddable":true,"href":"https:\/\/bomboorigen.com\/index.php?rest_route=%2Fwp%2Fv2%2Fproduct_tag&post=321"}],"curies":[{"name":"wp","href":"https:\/\/api.w.org\/{rel}","templated":true}]}}