{"id":309,"date":"2023-12-30T22:04:50","date_gmt":"2023-12-30T21:04:50","guid":{"rendered":"https:\/\/bomboorigen.com\/?post_type=product&#038;p=309"},"modified":"2023-12-30T22:04:51","modified_gmt":"2023-12-30T21:04:51","slug":"monitor-de-signos-vitales-mindray","status":"publish","type":"product","link":"https:\/\/bomboorigen.com\/?product=monitor-de-signos-vitales-mindray","title":{"rendered":"Monitor de signos vitales MINDRAY"},"content":{"rendered":"<ul>\n<li>Pantalla TFT en color de 8.4\u2033.<\/li>\n<li>Resoluci\u00f3n de 800 x 600.<\/li>\n<li>Las caracter\u00edsticas est\u00e1ndar incluyen 4 formas de onda, ECG de 3 \u00f3 5 derivaciones, SPO2, NIBP, temperatura y respiraci\u00f3n.<\/li>\n<li>Fuente de alimentaci\u00f3n incorporada para la conexi\u00f3n directa de CA.<\/li>\n<li>Reconocimiento r\u00e1pido y sencillo de la informaci\u00f3n del paciente.<\/li>\n<li>Asa plegable con gancho incorporado para la barandilla de la cama.<br \/>\n<h3>Dimensiones<\/h3>\n<ul>\n<li>Altura: 8.98 pulg (22.8 cm)<\/li>\n<li>Anchura: 9.49 pulg (24.1 cm)<\/li>\n<li>Profundidad: 6.85 pulg (17.4 cm)<\/li>\n<li>Peso: 10.61 lbs (4.81 kg)<\/li>\n<\/ul>\n<h3>Potencia<\/h3>\n<ul>\n<li>Tensi\u00f3n de Entrada: 100 a 240 VAC (\u00b1 10%)<\/li>\n<li>Frecuencia de L\u00ednea: 50 o 60 Hz (\u00b1 3 hz)<\/li>\n<li>Corriente: de 0.8 a 0.4 amperios<\/li>\n<\/ul>\n<h3>Bater\u00eda<\/h3>\n<ul>\n<li>Bater\u00eda de Plamo Sellado\n<ul>\n<li>Tiempo M\u00ednimo de Funcionamiento: ~75 minutos<\/li>\n<li>Tiempo de Recarga: 8 horas<\/li>\n<\/ul>\n<\/li>\n<li>Bater\u00eda de Iones de Litio\n<ul>\n<li>Tiempo M\u00ednimo de Funcionamiento: ~3.25 horas<\/li>\n<li>Tiempo de Recarga: 6.5 horas<\/li>\n<\/ul>\n<\/li>\n<\/ul>\n<h3>ECG<\/h3>\n<ul>\n<li>Tipo: ECG de 3 o 5 derivaciones<\/li>\n<li>Selecci\u00f3n de Ganancia: x0.25, x0.5, x1, x2<\/li>\n<li>Velocidad de Barrido: 12.5 mm\/s, 25 mm\/s, 50 mm\/s<\/li>\n<li>Resoluci\u00f3n: 1 bpm<\/li>\n<li>Precisi\u00f3n: \u00b1 1 bpm o \u00b1 1%, lo que sea mayoe<\/li>\n<li>Nivel de Umbral de Disparo: 200 \u00b5 V (derivaci\u00f3n II)<\/li>\n<\/ul>\n<h3>NIBP<\/h3>\n<ul>\n<li>Rango de Pulso: 40 a 240 lpm<\/li>\n<li>Precisi\u00f3n de la Frecuencia del Pulso: \u00b1 2 lpm o 2%, lo que sea mayor<\/li>\n<li>Rango de Presi\u00f3n Sist\u00f3lica: Adulto: 40 a 255 mmHg, Pedi\u00e1trico: 40 a 200 mmHg<\/li>\n<li>Rango de Presi\u00f3n Diast\u00f3lica: Adulto: 10 a 210 mmHg, Pedi\u00e1trico: 10 a 150 mmHg<\/li>\n<li>Rango de Presi\u00f3n Est\u00e1tica: 0 a 325 mmHg<\/li>\n<\/ul>\n<h3>IBP<\/h3>\n<ul>\n<li>1 canal IBP que lee las presiones sist\u00f3lica, diast\u00f3lica media<\/li>\n<li>Precisi\u00f3n: \u00b1 1 mmHg o 2%, lo que sea mejor<\/li>\n<li>Excitaci\u00f3n: 5 voltios CC, \u00b1 2% La resistencia m\u00ednima de carga es de 300 ohmios por transductor<\/li>\n<li>Resoluci\u00f3n: 1 mmHg<\/li>\n<li>Rango de Entrada Lineal: -50 a +300 mmHg, despu\u00e9s de la puesta a cero<\/li>\n<li>Ruido: 0.5 mmHg RTI, DC a 15 Hz, 300 \u03a9 de impedancia de la fuente<\/li>\n<\/ul>\n<h3>Temperatura<\/h3>\n<ul>\n<li>Escala: Celsius o Fahrenheit<\/li>\n<li>Rango: 0\u00b0C a 50\u00b0C (32\u00b0F a 122\u00b0F)<\/li>\n<li>Resoluci\u00f3n: 0.1\u00b0C, 0.1\u00b0F<\/li>\n<li>Precisi\u00f3n: \u00b1 0.1\u00b0C (0\u00b0C a 50\u00b0C), \u00b1 0.2\u00b0F (32\u00b0F a 122\u00b0F)<\/li>\n<\/ul>\n<h3>SpO2<\/h3>\n<ul>\n<li>Tipo: Masimo SET o Nellcor<\/li>\n<li>Masimo\n<ul>\n<li>Compatibilidad del Sensor: Serie LNOP o LNCS<\/li>\n<li>Rango de Visualizaci\u00f3n de SpO2: 1 a 100%<\/li>\n<li>Resoluci\u00f3n de SpO2: 1%<\/li>\n<\/ul>\n<\/li>\n<li>Nellcor\n<ul>\n<li>Compatibilidad del Sensor: Serie OxiMax, MAX-A, MAX-AL, MAX-N, MAX-P, MAX-I, MAX-FAST, MAX-R, OxiCliq A, OxiClig N, OxiCliq P, OxiCliq I, D-YS, D-YSE, D-YSPD, DS-100A, OXI-A\/N y OXI-P\/I<\/li>\n<li>Rango de Visualizaci\u00f3n de SpO2: 1 a 100%<\/li>\n<li>Resoluci\u00f3n de SpO2: 1%<\/li>\n<\/ul>\n<\/li>\n<\/ul>\n<\/li>\n<\/ul>\n","protected":false},"excerpt":{"rendered":"<p>El monitor de paciente port\u00e1til\u00a0<strong>Mindray Datascope Trio<\/strong>\u00a0utiliza un m\u00f3dulo de par\u00e1metros como base para la adquisici\u00f3n de datos del paciente. El Datascope Trio tiene una pantalla en color de alta resoluci\u00f3n que ofrece un \u00e1rea de visualizaci\u00f3n n\u00edtida para mostrar el ECG, la SPO2, la PNI y la temperatura. El Trio cuenta con un dise\u00f1o ligero, un gancho y un asa integrados en la barandilla de la cama, una fuente de alimentaci\u00f3n y un registrador integrados, lo que hace que este monitor sea muy adaptable para su uso en muchos departamentos diferentes.<\/p>\n","protected":false},"featured_media":233,"comment_status":"open","ping_status":"closed","template":"","meta":{"_joinchat":[]},"product_brand":[],"product_cat":[32],"product_tag":[57,58],"class_list":{"0":"post-309","1":"product","2":"type-product","3":"status-publish","4":"has-post-thumbnail","6":"product_cat-diagnostigo","7":"product_tag-monitor","8":"product_tag-monitor-de-signos-vitales","10":"first","11":"instock","12":"shipping-taxable","13":"purchasable","14":"product-type-simple"},"_links":{"self":[{"href":"https:\/\/bomboorigen.com\/index.php?rest_route=\/wp\/v2\/product\/309","targetHints":{"allow":["GET"]}}],"collection":[{"href":"https:\/\/bomboorigen.com\/index.php?rest_route=\/wp\/v2\/product"}],"about":[{"href":"https:\/\/bomboorigen.com\/index.php?rest_route=\/wp\/v2\/types\/product"}],"replies":[{"embeddable":true,"href":"https:\/\/bomboorigen.com\/index.php?rest_route=%2Fwp%2Fv2%2Fcomments&post=309"}],"wp:featuredmedia":[{"embeddable":true,"href":"https:\/\/bomboorigen.com\/index.php?rest_route=\/wp\/v2\/media\/233"}],"wp:attachment":[{"href":"https:\/\/bomboorigen.com\/index.php?rest_route=%2Fwp%2Fv2%2Fmedia&parent=309"}],"wp:term":[{"taxonomy":"product_brand","embeddable":true,"href":"https:\/\/bomboorigen.com\/index.php?rest_route=%2Fwp%2Fv2%2Fproduct_brand&post=309"},{"taxonomy":"product_cat","embeddable":true,"href":"https:\/\/bomboorigen.com\/index.php?rest_route=%2Fwp%2Fv2%2Fproduct_cat&post=309"},{"taxonomy":"product_tag","embeddable":true,"href":"https:\/\/bomboorigen.com\/index.php?rest_route=%2Fwp%2Fv2%2Fproduct_tag&post=309"}],"curies":[{"name":"wp","href":"https:\/\/api.w.org\/{rel}","templated":true}]}}