{"id":228,"date":"2023-12-22T18:09:47","date_gmt":"2023-12-22T17:09:47","guid":{"rendered":"https:\/\/bomboorigen.com\/?post_type=product&#038;p=228"},"modified":"2023-12-22T18:09:47","modified_gmt":"2023-12-22T17:09:47","slug":"fonendoscopio-lord","status":"publish","type":"product","link":"https:\/\/bomboorigen.com\/?product=fonendoscopio-lord","title":{"rendered":"Fonendoscopio LORD"},"content":{"rendered":"<p>ESPECIFICACIONES<\/p>\n<p>*Cabezal de diafragma dual: el diafragma grande con di\u00e1metro de 45.5mm es de gran sensibilidad para captar sonidos, el diafragma peque\u00f1o es usado para ni\u00f1os.<br \/>\n*Cabezal de aleaci\u00f3n de Zinc, de excelente conducci\u00f3n de sonido y poca atenuaci\u00f3n ac\u00fastica.<br \/>\n*Manguera dual est\u00e1ndar de PVC, doble canal de conducci\u00f3n de sonido bien sellado, buena resistencia a la interferencia ambiental.<\/p>\n","protected":false},"excerpt":{"rendered":"<p>Estetoscopios de doble cabeza.<br \/>\nLos cabezales duales livianos cuentan con un anillo sin escolar en la campana para aumentar la comodidad del paciente<\/p>\n","protected":false},"featured_media":230,"comment_status":"open","ping_status":"closed","template":"","meta":{"_joinchat":[]},"product_brand":[],"product_cat":[32],"product_tag":[55,56,54],"class_list":{"0":"post-228","1":"product","2":"type-product","3":"status-publish","4":"has-post-thumbnail","6":"product_cat-diagnostigo","7":"product_tag-estetoscopio","8":"product_tag-fonendo","9":"product_tag-fonendoscopio","11":"first","12":"instock","13":"shipping-taxable","14":"purchasable","15":"product-type-simple"},"_links":{"self":[{"href":"https:\/\/bomboorigen.com\/index.php?rest_route=\/wp\/v2\/product\/228","targetHints":{"allow":["GET"]}}],"collection":[{"href":"https:\/\/bomboorigen.com\/index.php?rest_route=\/wp\/v2\/product"}],"about":[{"href":"https:\/\/bomboorigen.com\/index.php?rest_route=\/wp\/v2\/types\/product"}],"replies":[{"embeddable":true,"href":"https:\/\/bomboorigen.com\/index.php?rest_route=%2Fwp%2Fv2%2Fcomments&post=228"}],"wp:featuredmedia":[{"embeddable":true,"href":"https:\/\/bomboorigen.com\/index.php?rest_route=\/wp\/v2\/media\/230"}],"wp:attachment":[{"href":"https:\/\/bomboorigen.com\/index.php?rest_route=%2Fwp%2Fv2%2Fmedia&parent=228"}],"wp:term":[{"taxonomy":"product_brand","embeddable":true,"href":"https:\/\/bomboorigen.com\/index.php?rest_route=%2Fwp%2Fv2%2Fproduct_brand&post=228"},{"taxonomy":"product_cat","embeddable":true,"href":"https:\/\/bomboorigen.com\/index.php?rest_route=%2Fwp%2Fv2%2Fproduct_cat&post=228"},{"taxonomy":"product_tag","embeddable":true,"href":"https:\/\/bomboorigen.com\/index.php?rest_route=%2Fwp%2Fv2%2Fproduct_tag&post=228"}],"curies":[{"name":"wp","href":"https:\/\/api.w.org\/{rel}","templated":true}]}}