{"id":187,"date":"2023-12-21T21:54:05","date_gmt":"2023-12-21T20:54:05","guid":{"rendered":"https:\/\/bomboorigen.com\/?post_type=product&#038;p=187"},"modified":"2023-12-21T21:54:06","modified_gmt":"2023-12-21T20:54:06","slug":"187","status":"publish","type":"product","link":"https:\/\/bomboorigen.com\/?product=187","title":{"rendered":""},"content":{"rendered":"<p><span>El S2000 es extremadamente vers\u00e1til y es capaz de producir im\u00e1genes de ultrasonido para muchas aplicaciones diferentes.\u00a0Con opciones para im\u00e1genes abdominales y de obstetricia y ginecolog\u00eda 3D\/4D, tambi\u00e9n es capaz de proporcionar im\u00e1genes para aplicaciones\u00a0<\/span><a href=\"https:\/\/ameultrasounds.com\/understanding-ultrasounds-cardiac-and-vascular-applications\/\"><span>card\u00edacas<\/span><\/a><span>\u00a0,\u00a0<\/span><a href=\"https:\/\/ameultrasounds.com\/understanding-ultrasounds-cardiac-and-vascular-applications\/\"><span>vasculares<\/span><\/a><span>\u00a0,\u00a0<\/span><a href=\"https:\/\/ameultrasounds.com\/understanding-musculoskeletal-and-intraoperative-ultrasound-applications\/\"><span>musculoesquel\u00e9ticas<\/span><\/a><span>\u00a0,\u00a0<\/span><a href=\"https:\/\/ameultrasounds.com\/understanding-small-parts-ultrasound-application\/\"><span>de partes peque\u00f1as<\/span><\/a><span>\u00a0(incluidas mamas, tiroides y test\u00edculos) y\u00a0<\/span><a href=\"https:\/\/ameultrasounds.com\/understanding-womens-health-ultrasound\/\"><span>urol\u00f3gicas<\/span><\/a><span>\u00a0.\u00a0Esta flexibilidad es especialmente importante en el diagn\u00f3stico general y en la medicina de urgencias, cuando nunca se sabe qu\u00e9 estructura ser\u00e1 necesario diagnosticar.<\/span><\/p>\n<p><span>Algunas de las capacidades tecnol\u00f3gicas que ofrece el S2000 incluyen, adem\u00e1s de la opci\u00f3n 3D\/4D, obviamente,\u00a0<\/span><a href=\"https:\/\/ameultrasounds.com\/how-it-works-doppler-ultrasound-imaging\/\"><span>im\u00e1genes Doppler<\/span><\/a><span>\u00a0,\u00a0<\/span><a href=\"https:\/\/ameultrasounds.com\/ultrasound-made-easy-part-ii-speckle-reduction-imaging\/\"><span>tecnolog\u00eda de reducci\u00f3n de manchas,\u00a0<\/span><\/a><a href=\"https:\/\/ameultrasounds.com\/ultrasound-made-easy-part-iv-compound-imaging\/\"><span>composici\u00f3n espacial<\/span><\/a><span>\u00a0,\u00a0<\/span><a href=\"https:\/\/ameultrasounds.com\/ultrasound-made-easy-piii-tissue-harmonic-imaging-2\/\"><span>im\u00e1genes arm\u00f3nicas de tejidos<\/span><\/a><span>\u00a0y\u00a0modo\u00a0<\/span><a href=\"https:\/\/ameultrasounds.com\/how-it-works-ultrasound-modes\/\"><span>B.\u00a0<\/span><\/a><span>Todas estas tecnolog\u00edas se pueden emplear para mejorar la calidad de la imagen ecogr\u00e1fica promedio, lo que permite un diagn\u00f3stico preciso y pacientes m\u00e1s sanos y felices.\u00a0Otras tecnolog\u00edas que hacen que el ultrasonido sea m\u00e1s f\u00e1cil de usar incluyen SmartExam y ScanAssistant.<\/span><\/p>\n<p><span>Cuando una m\u00e1quina de ultrasonido es compatible con muchos tipos diferentes de sondas\/transductores de ultrasonido, es un indicador multifac\u00e9tico en su capacidad de proyectar im\u00e1genes para diversas aplicaciones.\u00a0Por ejemplo, el hecho de que el S2000 sea compatible con la sonda de matriz lineal 14L5 significa que este ec\u00f3grafo puede proyectar im\u00e1genes vasculares, de piezas peque\u00f1as y musculoesquel\u00e9ticas.\u00a0Otros tipos de sondas compatibles con esta m\u00e1quina consisten en sondas de matriz curva, matriz en fase y l\u00e1piz CW (onda continua).<\/span><\/p>\n<p><strong><span>Caracter\u00edsticas y especificidades del ultrasonido:<\/span><\/strong><\/p>\n<ul>\n<li><span>Im\u00e1genes 2D\/3D\/4D<\/span><\/li>\n<li><span>Im\u00e1genes Doppler<\/span><\/li>\n<li><span>Im\u00e1genes con reducci\u00f3n de manchas<\/span><\/li>\n<li><span>Composici\u00f3n espacial<\/span><\/li>\n<li><span>Im\u00e1genes arm\u00f3nicas de tejidos<\/span><\/li>\n<li><span>Modo B<\/span><\/li>\n<li><span>examen inteligente<\/span><\/li>\n<li><span>Asistente de escaneo<\/span><\/li>\n<li><span>2 puertos de sonda<\/span><\/li>\n<\/ul>\n<p><strong><span>Sondas\/transductores de ultrasonido compatibles:\u00a0<\/span><\/strong><\/p>\n<ul>\n<li><a href=\"https:\/\/ameultrasounds.com\/product\/siemens-acuson-4p1-phased-array-probe\/\"><span>Sonda de matriz en fase Siemens Acuson 4P1<\/span><\/a><\/li>\n<li><a href=\"https:\/\/ameultrasounds.com\/product\/acuson-4v1-sector-array-transducer\/\"><span>Sonda de matriz vectorial Siemens Acuson 4V1<\/span><\/a><\/li>\n<li><a href=\"https:\/\/ameultrasounds.com\/product\/siemens-acuson-10v4-vector-array-probe-2\/\"><span>Sonda de matriz vectorial Siemens Acuson 10V4<\/span><\/a><\/li>\n<li><a href=\"https:\/\/ameultrasounds.com\/product\/siemens-acuson-8v3-vector-array-probe\/\"><span>Sonda de matriz vectorial Siemens Acuson 8V3<\/span><\/a><\/li>\n<li><a href=\"https:\/\/ameultrasounds.com\/product\/siemens-acuson-14l5-linear-array-probe\/\"><span>Sonda de matriz lineal Siemens Acuson 14L5<\/span><\/a><\/li>\n<li><a href=\"https:\/\/ameultrasounds.com\/product\/acuson-4v1c-ultrasound-transducer\/\"><span>Sonda de matriz curva Siemens Acuson 4V1C<\/span><\/a><\/li>\n<li><a href=\"https:\/\/ameultrasounds.com\/product\/siemens-4c1-curved-array-probe\/\"><span>Sonda de matriz curva Siemens Acuson 4C1<\/span><\/a><\/li>\n<li><a href=\"https:\/\/ameultrasounds.com\/product\/siemens-acuson-7cf2-curved-array-probe\/\"><span>Sonda de matriz curva Siemens Acuson 7CF2<\/span><\/a><\/li>\n<li><a href=\"https:\/\/ameultrasounds.com\/product\/siemens-acuson-9evf4-endocavitary-probe\/\"><span>Sonda endocavitaria Siemens Acuson 9EVF4<\/span><\/a><\/li>\n<\/ul>\n","protected":false},"excerpt":{"rendered":"<p><span>El ec\u00f3grafo Siemens Acuson S2000 forma parte de la serie de ultrasonidos Siemens Acuson &#8220;S&#8221;.\u00a0<\/span><span>Los otros sistemas de esta serie incluyen Siemens Acuson S1000 y S3000.\u00a0<\/span><span>El S2000 es popular por una variedad de razones que incluyen versatilidad, tecnolog\u00eda de ultrasonido avanzada que reemplaza al S1000 y su compatibilidad con muchas sondas y transductores de ultrasonido (incluidas sondas 3D\/4D).<\/span><\/p>\n<p>&nbsp;<\/p>\n","protected":false},"featured_media":188,"comment_status":"open","ping_status":"closed","template":"","meta":{"_joinchat":[]},"product_brand":[],"product_cat":[47],"product_tag":[49,48,50],"class_list":{"0":"post-187","1":"product","2":"type-product","3":"status-publish","4":"has-post-thumbnail","6":"product_cat-ecografia","7":"product_tag-ecografia","8":"product_tag-ecografo","9":"product_tag-ecografo-siemens","11":"first","12":"instock","13":"shipping-taxable","14":"purchasable","15":"product-type-simple"},"_links":{"self":[{"href":"https:\/\/bomboorigen.com\/index.php?rest_route=\/wp\/v2\/product\/187","targetHints":{"allow":["GET"]}}],"collection":[{"href":"https:\/\/bomboorigen.com\/index.php?rest_route=\/wp\/v2\/product"}],"about":[{"href":"https:\/\/bomboorigen.com\/index.php?rest_route=\/wp\/v2\/types\/product"}],"replies":[{"embeddable":true,"href":"https:\/\/bomboorigen.com\/index.php?rest_route=%2Fwp%2Fv2%2Fcomments&post=187"}],"wp:featuredmedia":[{"embeddable":true,"href":"https:\/\/bomboorigen.com\/index.php?rest_route=\/wp\/v2\/media\/188"}],"wp:attachment":[{"href":"https:\/\/bomboorigen.com\/index.php?rest_route=%2Fwp%2Fv2%2Fmedia&parent=187"}],"wp:term":[{"taxonomy":"product_brand","embeddable":true,"href":"https:\/\/bomboorigen.com\/index.php?rest_route=%2Fwp%2Fv2%2Fproduct_brand&post=187"},{"taxonomy":"product_cat","embeddable":true,"href":"https:\/\/bomboorigen.com\/index.php?rest_route=%2Fwp%2Fv2%2Fproduct_cat&post=187"},{"taxonomy":"product_tag","embeddable":true,"href":"https:\/\/bomboorigen.com\/index.php?rest_route=%2Fwp%2Fv2%2Fproduct_tag&post=187"}],"curies":[{"name":"wp","href":"https:\/\/api.w.org\/{rel}","templated":true}]}}