{"id":178,"date":"2023-12-21T19:11:00","date_gmt":"2023-12-21T18:11:00","guid":{"rendered":"https:\/\/bomboorigen.com\/?post_type=product&#038;p=178"},"modified":"2023-12-21T21:34:08","modified_gmt":"2023-12-21T20:34:08","slug":"tensiometro-digital-riester-ri-champion","status":"publish","type":"product","link":"https:\/\/bomboorigen.com\/?product=tensiometro-digital-riester-ri-champion","title":{"rendered":"Tensi\u00f3metro digital RIESTER Ri-Champion"},"content":{"rendered":"<p class=\"product-title product_title entry-title\">Cuenta con reconocimiento de latidos card\u00edacos irregulares, almacenamiento de memoria de hasta 99 lecturas, tono de pulso y fecha y hora.<\/p>\n<ul>\n<li>Medici\u00f3n de la presi\u00f3n arterial y el pulso.<\/li>\n<li>Cumple con el est\u00e1ndar A \/ A de BHS.<\/li>\n<li>Reconocimiento de arritmia.<\/li>\n<li>Gran pantalla LCD.<\/li>\n<li>Se\u00f1al de pulso \u00f3ptica y ac\u00fastica.<\/li>\n<li>99 memorias.<\/li>\n<li>Fecha y hora.<\/li>\n<li>Almacenamiento del manguito.<\/li>\n<li>Gama de pu\u00f1os para adultos, adultos grandes y ni\u00f1os.<\/li>\n<li>Peso: 630 g con pilas.<\/li>\n<li>Tama\u00f1o: 98 (ancho) x 163 (largo) x 106 (alto) mm \/ 3,9 (ancho) x 6,4 (largo) x 4,2 (alto) pulgadas .<\/li>\n<li>Rango de medici\u00f3n: SYS \/ DIA: 30 a 280 mmHg, Pulso: 40 a 200 por minuto.<\/li>\n<li>Precisi\u00f3n: presi\u00f3n dentro de \u00b1 3 mmHg, pulso \u00b1 5%.<\/li>\n<li>Fuente de alimentaci\u00f3n: 4 pilas tama\u00f1o AA, 1,5 V (incluidas), adaptador de red 6 V 600 mA (opcional).<\/li>\n<\/ul>\n<p class=\"produkthead2\">Tensi\u00f3metro autom\u00e1tico validado por BHS<\/p>\n<ul>\n<li>Validaci\u00f3n de BHS, consulte\u00a0<a href=\"http:\/\/www.bhsoc.org\/bp-monitors\/bp-monitors\/\" target=\"_blank\" rel=\"noopener noreferrer\">www.bhsoc.org\/bp-monitors\/bp-monitors\/<\/a><\/li>\n<\/ul>\n<div id=\"prodbutton\" class=\"eight columns omega alpha\">\n<div class=\"requestouter\">Tensi\u00f3metro digital totalmente autom\u00e1tico con un m\u00e9todo de medici\u00f3n oscilom\u00e9trico que permite una medici\u00f3n r\u00e1pida y fiable de la presi\u00f3n arterial sist\u00f3lica, diast\u00f3lica y de la frecuencia del latido cardiaco.<\/div>\n<div><\/div>\n<div class=\"requestouter\">El modelo dispone de una pantalla de cristal l\u00edquido de grandes dimensiones, gracias a la cual es posible visualizar claramente el estado de funcionamiento y la presi\u00f3n del brazalete durante toda la medici\u00f3n.<\/div>\n<div><\/div>\n<div class=\"requestouter\">El aparato le ofrece una alt\u00edsima precisi\u00f3n en la medici\u00f3n, cl\u00ednicamente comprobada, y ha sido dise\u00f1ado de tal modo que su uso resulta sencillo. Lea atentamente las instrucciones de uso.<\/div>\n<\/div>\n","protected":false},"excerpt":{"rendered":"<p><span lang=\"es-pe\" xml:lang=\"es-pe\">Tensi\u00f3metro Digital Adulto.\u00a0<\/span>Medici\u00f3n de la tensi\u00f3n arterial y del pulso.\u00a0Cumplimiento con normativa BHS A\/A.\u00a0Reconocimiento de arritmia card\u00edaca.\u00a0Pantalla grande en LCD.\u00a0Se\u00f1al de pulso \u00f3ptica y ac\u00fastica.\u00a099 memorias.\u00a0Fecha y hora.\u00a0Compartimento para almacenamiento de brazalete.\u00a0Variedad de brazaletes para ni\u00f1os, adultos y adultos de mayor tama\u00f1o.<\/p>\n","protected":false},"featured_media":179,"comment_status":"open","ping_status":"closed","template":"","meta":{"_joinchat":[]},"product_brand":[],"product_cat":[32],"product_tag":[45,46,43,44],"class_list":{"0":"post-178","1":"product","2":"type-product","3":"status-publish","4":"has-post-thumbnail","6":"product_cat-diagnostigo","7":"product_tag-medidor-de-presion","8":"product_tag-riester","9":"product_tag-tensiometro","10":"product_tag-tensiometro-digital","12":"first","13":"instock","14":"shipping-taxable","15":"purchasable","16":"product-type-simple"},"_links":{"self":[{"href":"https:\/\/bomboorigen.com\/index.php?rest_route=\/wp\/v2\/product\/178","targetHints":{"allow":["GET"]}}],"collection":[{"href":"https:\/\/bomboorigen.com\/index.php?rest_route=\/wp\/v2\/product"}],"about":[{"href":"https:\/\/bomboorigen.com\/index.php?rest_route=\/wp\/v2\/types\/product"}],"replies":[{"embeddable":true,"href":"https:\/\/bomboorigen.com\/index.php?rest_route=%2Fwp%2Fv2%2Fcomments&post=178"}],"wp:featuredmedia":[{"embeddable":true,"href":"https:\/\/bomboorigen.com\/index.php?rest_route=\/wp\/v2\/media\/179"}],"wp:attachment":[{"href":"https:\/\/bomboorigen.com\/index.php?rest_route=%2Fwp%2Fv2%2Fmedia&parent=178"}],"wp:term":[{"taxonomy":"product_brand","embeddable":true,"href":"https:\/\/bomboorigen.com\/index.php?rest_route=%2Fwp%2Fv2%2Fproduct_brand&post=178"},{"taxonomy":"product_cat","embeddable":true,"href":"https:\/\/bomboorigen.com\/index.php?rest_route=%2Fwp%2Fv2%2Fproduct_cat&post=178"},{"taxonomy":"product_tag","embeddable":true,"href":"https:\/\/bomboorigen.com\/index.php?rest_route=%2Fwp%2Fv2%2Fproduct_tag&post=178"}],"curies":[{"name":"wp","href":"https:\/\/api.w.org\/{rel}","templated":true}]}}