{"id":165,"date":"2023-12-21T18:02:30","date_gmt":"2023-12-21T17:02:30","guid":{"rendered":"https:\/\/bomboorigen.com\/?post_type=product&#038;p=165"},"modified":"2023-12-21T18:55:08","modified_gmt":"2023-12-21T17:55:08","slug":"microscopio-binocular-scientific-silver","status":"publish","type":"product","link":"https:\/\/bomboorigen.com\/?product=microscopio-binocular-scientific-silver","title":{"rendered":"Microscopio Binocular Scientific Silver"},"content":{"rendered":"<p><b>Hasta el fondo: 800 aumentos<\/b><\/p>\n<p>Este microscopio le ofrece muchos aumentos diferentes: 40x, 80x, 100x, 200x, 400x y 800x. No importa el esp\u00e9cimen: con estos aumentos tiene garantizado encontrar la secci\u00f3n correcta. Divi\u00e9rtase empezando con un aumento peque\u00f1o, para sumergirse cada vez m\u00e1s en la muestra.<\/p>\n<p><b>Luz incidente y luz transmitida: para que pueda verlo todo<\/b><\/p>\n<p>Con la iluminaci\u00f3n LED, iluminar\u00e1 la muestra de forma homog\u00e9nea. A diferencia de las bombillas incandescentes, los diodos luminosos proporcionan una luz blanca y neutra.<\/p>\n<p><b>Visi\u00f3n Binocular<\/b><\/p>\n<p>A diferencia de los microscopios monoculares, con los dos ojos puede ver las muestras con mucha mayor nitidez por el enfoque natural. Es posible ajustar la distancia interpupilar de forma continua entre 57 mm y 72 mm.<\/p>\n","protected":false},"excerpt":{"rendered":"<ul>\n<li>Ajuste sencillo del aumento mediante rev\u00f3lver<\/li>\n<li>Hasta el fondo: 40-800 aumentos<\/li>\n<li>Iluminaci\u00f3n LED: iluminaci\u00f3n clara y neutra<\/li>\n<li>Aumento del contraste: rueda de filtros con 5 filtros<\/li>\n<li>Doble enfoque: ajuste grueso y fino de la nitidez<\/li>\n<li>Distancia interpupilar: 57-72 mm<\/li>\n<li>Estable y duradero: microscopio totalmente met\u00e1lico<\/li>\n<li>Pletina cruzada: inserci\u00f3n de la muestra y ajuste sensible.<\/li>\n<\/ul>\n","protected":false},"featured_media":130,"comment_status":"open","ping_status":"closed","template":"","meta":{"_joinchat":[]},"product_brand":[],"product_cat":[21],"product_tag":[40,41],"class_list":{"0":"post-165","1":"product","2":"type-product","3":"status-publish","4":"has-post-thumbnail","6":"product_cat-laboratorio","7":"product_tag-microscopio","8":"product_tag-microscopio-binocular","10":"first","11":"instock","12":"shipping-taxable","13":"purchasable","14":"product-type-simple"},"_links":{"self":[{"href":"https:\/\/bomboorigen.com\/index.php?rest_route=\/wp\/v2\/product\/165","targetHints":{"allow":["GET"]}}],"collection":[{"href":"https:\/\/bomboorigen.com\/index.php?rest_route=\/wp\/v2\/product"}],"about":[{"href":"https:\/\/bomboorigen.com\/index.php?rest_route=\/wp\/v2\/types\/product"}],"replies":[{"embeddable":true,"href":"https:\/\/bomboorigen.com\/index.php?rest_route=%2Fwp%2Fv2%2Fcomments&post=165"}],"wp:featuredmedia":[{"embeddable":true,"href":"https:\/\/bomboorigen.com\/index.php?rest_route=\/wp\/v2\/media\/130"}],"wp:attachment":[{"href":"https:\/\/bomboorigen.com\/index.php?rest_route=%2Fwp%2Fv2%2Fmedia&parent=165"}],"wp:term":[{"taxonomy":"product_brand","embeddable":true,"href":"https:\/\/bomboorigen.com\/index.php?rest_route=%2Fwp%2Fv2%2Fproduct_brand&post=165"},{"taxonomy":"product_cat","embeddable":true,"href":"https:\/\/bomboorigen.com\/index.php?rest_route=%2Fwp%2Fv2%2Fproduct_cat&post=165"},{"taxonomy":"product_tag","embeddable":true,"href":"https:\/\/bomboorigen.com\/index.php?rest_route=%2Fwp%2Fv2%2Fproduct_tag&post=165"}],"curies":[{"name":"wp","href":"https:\/\/api.w.org\/{rel}","templated":true}]}}