{"id":150,"date":"2023-12-21T17:27:21","date_gmt":"2023-12-21T16:27:21","guid":{"rendered":"https:\/\/bomboorigen.com\/?post_type=product&#038;p=150"},"modified":"2026-04-22T03:50:25","modified_gmt":"2026-04-22T08:50:25","slug":"equipo-de-organos-welch-allyn","status":"publish","type":"product","link":"https:\/\/bomboorigen.com\/?product=equipo-de-organos-welch-allyn","title":{"rendered":"Equipo de \u00f3rganos Welch Allyn"},"content":{"rendered":"<p>Una selecci\u00f3n de fuentes de alimentaci\u00f3n convenientes que se ajustan a todos los cabezales de los instrumentos de 3,5 v.\u00a0 &#8211; bater\u00eda est\u00e1ndar tama\u00f1o c &#8211; el acabado estriado, suave y no abrasivo asegura una sujeci\u00f3n antideslizante.\u00a0 &#8211; construcci\u00f3n de aleaci\u00f3n de bronce cromado para durabilidad y vida \u00fatil confiable.<\/p>\n<p>Accesorios<\/p>\n<div>\n<ul>\n<li>Oftalmoscopio directo de 3.5 v; varifocal (varios fondos de luz), luz led ref. 11720l<\/li>\n<li>Otoscopio de 3.5 v.\u00a0 Luz led ref. 20000l con iluminador, incluye set de cuatro (4) esp\u00e9culos reusables de 2.5, 3, 4 y 5 mm.<\/li>\n<li>Mango de pilas desechables completo<\/li>\n<li>Estuche r\u00edgido con cremallera ref. 05259-m<\/li>\n<\/ul>\n<\/div>\n","protected":false},"excerpt":{"rendered":"<p>Equipo \u00f3rganos y sentidos Welch Allyn para diagn\u00f3stico de \u00f3rganos de los sentidos ref: 97200-cl welch allyn USA. Para ex\u00e1menes de o\u00eddo y ojo para cualquier entorno m\u00e9dico de atenci\u00f3n primaria y especialistas.<br \/>\nPermiten visualizar el color real del tejido del canal auditivo y del fondo del ojo, con claridad y definici\u00f3n.<\/p>\n","protected":false},"featured_media":115,"comment_status":"open","ping_status":"closed","template":"","meta":{"_joinchat":[]},"product_brand":[],"product_cat":[32],"product_tag":[37,39,38],"class_list":{"0":"post-150","1":"product","2":"type-product","3":"status-publish","4":"has-post-thumbnail","6":"product_cat-diagnostigo","7":"product_tag-equipo-de-organos","8":"product_tag-equipo-de-organos-medico","9":"product_tag-equipo-de-organos-welch-allyn","11":"first","12":"instock","13":"shipping-taxable","14":"purchasable","15":"product-type-simple"},"_links":{"self":[{"href":"https:\/\/bomboorigen.com\/index.php?rest_route=\/wp\/v2\/product\/150","targetHints":{"allow":["GET"]}}],"collection":[{"href":"https:\/\/bomboorigen.com\/index.php?rest_route=\/wp\/v2\/product"}],"about":[{"href":"https:\/\/bomboorigen.com\/index.php?rest_route=\/wp\/v2\/types\/product"}],"replies":[{"embeddable":true,"href":"https:\/\/bomboorigen.com\/index.php?rest_route=%2Fwp%2Fv2%2Fcomments&post=150"}],"wp:featuredmedia":[{"embeddable":true,"href":"https:\/\/bomboorigen.com\/index.php?rest_route=\/wp\/v2\/media\/115"}],"wp:attachment":[{"href":"https:\/\/bomboorigen.com\/index.php?rest_route=%2Fwp%2Fv2%2Fmedia&parent=150"}],"wp:term":[{"taxonomy":"product_brand","embeddable":true,"href":"https:\/\/bomboorigen.com\/index.php?rest_route=%2Fwp%2Fv2%2Fproduct_brand&post=150"},{"taxonomy":"product_cat","embeddable":true,"href":"https:\/\/bomboorigen.com\/index.php?rest_route=%2Fwp%2Fv2%2Fproduct_cat&post=150"},{"taxonomy":"product_tag","embeddable":true,"href":"https:\/\/bomboorigen.com\/index.php?rest_route=%2Fwp%2Fv2%2Fproduct_tag&post=150"}],"curies":[{"name":"wp","href":"https:\/\/api.w.org\/{rel}","templated":true}]}}