{"id":149,"date":"2023-12-21T17:10:50","date_gmt":"2023-12-21T16:10:50","guid":{"rendered":"https:\/\/bomboorigen.com\/?post_type=product&#038;p=149"},"modified":"2023-12-21T18:55:56","modified_gmt":"2023-12-21T17:55:56","slug":"pulso-oximetro-edan","status":"publish","type":"product","link":"https:\/\/bomboorigen.com\/?product=pulso-oximetro-edan","title":{"rendered":"Pulso Ox\u00edmetro EDAN"},"content":{"rendered":"<p>Con Edan H100B podr\u00e1s medir el nivel del ox\u00edgeno en sangre y la frecuencia card\u00edaca. En solo cuesti\u00f3n de segundos tendr\u00e1s los resultados en la pantalla que te permitir\u00e1n monitorear tu estado de salud de manera precisa y segura.<\/p>\n<p>Con pantalla de alta resoluci\u00f3n<br \/>\nSu pantalla LCD es de f\u00e1cil lectura y te permitir\u00e1 ahorrar bater\u00eda, prolongando la duraci\u00f3n del aparato. Adem\u00e1s, gracias a su tecnolog\u00eda es apto para utilizarse bajo cualquier condici\u00f3n de luz.<\/p>\n<p>Funci\u00f3n auto-apagado<br \/>\nCuenta con la funci\u00f3n de apagado autom\u00e1tico en caso de detectar inactividad durante unos segundos. Esto te permitir\u00e1 extender la vida \u00fatil del aparato y un ahorro importante de bater\u00eda.<\/p>\n<p>Indicador de bater\u00eda baja<br \/>\nIncluye un indicador que te avisar\u00e1 cuando est\u00e1 por agotarse la bater\u00eda para que puedas prever el apagado inesperado del aparato.<\/p>\n<p>Liviano y pr\u00e1ctico<br \/>\nDebido a su peque\u00f1o tama\u00f1o y bajo peso, podr\u00e1s usarlo sin complicaciones y trasladarlo a donde quieras. Col\u00f3calo en tu bolsillo o en tu cartera y ll\u00e9valo a todos lados.<\/p>\n<p>Consulte con su m\u00e9dico de cabecera<br \/>\nEste aparato es ideal para uso en casos de atenci\u00f3n m\u00e9dica en el hogar, cuidados de enfermer\u00eda o caseros, consultas m\u00e9dicas ambulatorias o amantes de los deportes ya que permite el monitoreo continuo. Ante cualquier inquietud con respecto a tu salud, se recomienda consultar con tu m\u00e9dico habitual.<\/p>\n","protected":false},"excerpt":{"rendered":"<ul>\n<li>Pantalla LCD<\/li>\n<li>Pantalla RTC<\/li>\n<li>Medici\u00f3n de SpO2 y frecuencia del Pulso<\/li>\n<li>Despliegue simult\u00e1neo num\u00e9rico y de forma de onda de SpO2<\/li>\n<li>Conveniente tama\u00f1o AA para un m\u00e1ximo de 48 horas laborables<\/li>\n<li>Hasta 100 ID y 300 horas de capacidad de almacenamiento de datos para el monitoreo continuo<\/li>\n<li>Los datos pueden transferirse a un PC para el almacenamiento, la revisi\u00f3n y la impresi\u00f3n<\/li>\n<li>Los \u00faltimos 10 minutos de tendencia de SpO2 y frecuencia del pulso se pueden revisar en la pantalla<\/li>\n<li>Tono de Sonido<\/li>\n<\/ul>\n","protected":false},"featured_media":100,"comment_status":"open","ping_status":"closed","template":"","meta":{"_joinchat":[]},"product_brand":[],"product_cat":[32],"product_tag":[33,36,35,34],"class_list":{"0":"post-149","1":"product","2":"type-product","3":"status-publish","4":"has-post-thumbnail","6":"product_cat-diagnostigo","7":"product_tag-oximetro","8":"product_tag-oximetro-edan","9":"product_tag-oximetro-pediatrico-edan","10":"product_tag-pulso-oximetro","12":"first","13":"instock","14":"shipping-taxable","15":"purchasable","16":"product-type-simple"},"_links":{"self":[{"href":"https:\/\/bomboorigen.com\/index.php?rest_route=\/wp\/v2\/product\/149","targetHints":{"allow":["GET"]}}],"collection":[{"href":"https:\/\/bomboorigen.com\/index.php?rest_route=\/wp\/v2\/product"}],"about":[{"href":"https:\/\/bomboorigen.com\/index.php?rest_route=\/wp\/v2\/types\/product"}],"replies":[{"embeddable":true,"href":"https:\/\/bomboorigen.com\/index.php?rest_route=%2Fwp%2Fv2%2Fcomments&post=149"}],"wp:featuredmedia":[{"embeddable":true,"href":"https:\/\/bomboorigen.com\/index.php?rest_route=\/wp\/v2\/media\/100"}],"wp:attachment":[{"href":"https:\/\/bomboorigen.com\/index.php?rest_route=%2Fwp%2Fv2%2Fmedia&parent=149"}],"wp:term":[{"taxonomy":"product_brand","embeddable":true,"href":"https:\/\/bomboorigen.com\/index.php?rest_route=%2Fwp%2Fv2%2Fproduct_brand&post=149"},{"taxonomy":"product_cat","embeddable":true,"href":"https:\/\/bomboorigen.com\/index.php?rest_route=%2Fwp%2Fv2%2Fproduct_cat&post=149"},{"taxonomy":"product_tag","embeddable":true,"href":"https:\/\/bomboorigen.com\/index.php?rest_route=%2Fwp%2Fv2%2Fproduct_tag&post=149"}],"curies":[{"name":"wp","href":"https:\/\/api.w.org\/{rel}","templated":true}]}}